{"id":7,"date":"2022-12-22T08:08:04","date_gmt":"2022-12-22T08:08:04","guid":{"rendered":"https:\/\/learn.cbxmedical.com\/?page_id=7"},"modified":"2023-08-18T10:54:26","modified_gmt":"2023-08-18T10:54:26","slug":"accueil","status":"publish","type":"page","link":"https:\/\/learn.cbxmedical.com\/nl\/","title":{"rendered":"Accueil"},"content":{"rendered":"<div data-elementor-type=\"wp-page\" data-elementor-id=\"7\" class=\"elementor elementor-7\" data-elementor-post-type=\"page\">\n\t\t\t\t\t\t<section class=\"elementor-section elementor-top-section elementor-element elementor-element-b03a719 elementor-section-boxed elementor-section-height-default elementor-section-height-default\" data-id=\"b03a719\" data-element_type=\"section\" data-e-type=\"section\">\n\t\t\t\t\t\t<div class=\"elementor-container elementor-column-gap-default\">\n\t\t\t\t\t<div class=\"elementor-column elementor-col-100 elementor-top-column elementor-element elementor-element-769e82a\" data-id=\"769e82a\" data-element_type=\"column\" data-e-type=\"column\">\n\t\t\t<div class=\"elementor-widget-wrap elementor-element-populated\">\n\t\t\t\t\t\t<div class=\"elementor-element elementor-element-96c763b elementor-grid-2 elementor-grid-tablet-2 elementor-grid-mobile-1 elementor-posts--thumbnail-top elementor-widget elementor-widget-posts\" data-id=\"96c763b\" data-element_type=\"widget\" data-e-type=\"widget\" data-settings=\"{&quot;classic_columns&quot;:&quot;2&quot;,&quot;pagination_type&quot;:&quot;numbers&quot;,&quot;classic_columns_tablet&quot;:&quot;2&quot;,&quot;classic_columns_mobile&quot;:&quot;1&quot;,&quot;classic_row_gap&quot;:{&quot;unit&quot;:&quot;px&quot;,&quot;size&quot;:35,&quot;sizes&quot;:[]},&quot;classic_row_gap_tablet&quot;:{&quot;unit&quot;:&quot;px&quot;,&quot;size&quot;:&quot;&quot;,&quot;sizes&quot;:[]},&quot;classic_row_gap_mobile&quot;:{&quot;unit&quot;:&quot;px&quot;,&quot;size&quot;:&quot;&quot;,&quot;sizes&quot;:[]}}\" data-widget_type=\"posts.classic\">\n\t\t\t\t<div class=\"elementor-widget-container\">\n\t\t\t\t\t\t\t<div class=\"elementor-posts-container elementor-posts elementor-posts--skin-classic elementor-grid\" role=\"list\">\n\t\t\t\t<article class=\"elementor-post elementor-grid-item post-844 post type-post status-publish format-standard has-post-thumbnail hentry category-uncategorized\" role=\"listitem\">\n\t\t\t\t<a class=\"elementor-post__thumbnail__link\" href=\"https:\/\/learn.cbxmedical.com\/nl\/cbd-professionnels-sante\/\" tabindex=\"-1\" >\n\t\t\t<div class=\"elementor-post__thumbnail\"><img fetchpriority=\"high\" decoding=\"async\" width=\"768\" height=\"512\" src=\"https:\/\/learn.cbxmedical.com\/wp-content\/uploads\/2023\/08\/JUB0709-2-768x512.jpg\" class=\"attachment-medium_large size-medium_large wp-image-855\" alt=\"\" srcset=\"https:\/\/learn.cbxmedical.com\/wp-content\/uploads\/2023\/08\/JUB0709-2-768x512.jpg 768w, https:\/\/learn.cbxmedical.com\/wp-content\/uploads\/2023\/08\/JUB0709-2-300x200.jpg 300w, https:\/\/learn.cbxmedical.com\/wp-content\/uploads\/2023\/08\/JUB0709-2-1024x683.jpg 1024w, https:\/\/learn.cbxmedical.com\/wp-content\/uploads\/2023\/08\/JUB0709-2-1536x1024.jpg 1536w, https:\/\/learn.cbxmedical.com\/wp-content\/uploads\/2023\/08\/JUB0709-2-2048x1365.jpg 2048w\" sizes=\"(max-width: 768px) 100vw, 768px\" \/><\/div>\n\t\t<\/a>\n\t\t\t\t<div class=\"elementor-post__text\">\n\t\t\t\t<h2 class=\"elementor-post__title\">\n\t\t\t<a href=\"https:\/\/learn.cbxmedical.com\/nl\/cbd-professionnels-sante\/\" >\n\t\t\t\t5 raisons qui poussent les professionnels de sant\u00e9 belges \u00e0 se tourner vers le CBD\t\t\t<\/a>\n\t\t<\/h2>\n\t\t\t\t<div class=\"elementor-post__meta-data\">\n\t\t\t\t\t<span class=\"elementor-post-date\">\n\t\t\taugustus 25, 2023\t\t<\/span>\n\t\t\t\t<\/div>\n\t\t\t\t<div class=\"elementor-post__excerpt\">\n\t\t\t<p>Entre d\u00e9cembre 2021 et d\u00e9cembre 2022, le march\u00e9 belge des solutions \u00e0 base de cannabino\u00efdes a explos\u00e9 en pharmacie avec une croissance de plus de<\/p>\n\t\t<\/div>\n\t\t\n\t\t<a class=\"elementor-post__read-more\" href=\"https:\/\/learn.cbxmedical.com\/nl\/cbd-professionnels-sante\/\" aria-label=\"Read more about 5 raisons qui poussent les professionnels de sant\u00e9 belges \u00e0 se tourner vers le CBD\" tabindex=\"-1\" >\n\t\t\tLire la suite \u00bb\t\t<\/a>\n\n\t\t\t\t<\/div>\n\t\t\t\t<\/article>\n\t\t\t\t<article class=\"elementor-post elementor-grid-item post-639 post type-post status-publish format-standard has-post-thumbnail hentry category-uncategorized\" role=\"listitem\">\n\t\t\t\t<a class=\"elementor-post__thumbnail__link\" href=\"https:\/\/learn.cbxmedical.com\/nl\/subside\/\" tabindex=\"-1\" >\n\t\t\t<div class=\"elementor-post__thumbnail\"><img decoding=\"async\" width=\"768\" height=\"428\" src=\"https:\/\/learn.cbxmedical.com\/wp-content\/uploads\/2023\/07\/formation-pharma-27-09-23-2-768x428.png\" class=\"attachment-medium_large size-medium_large wp-image-948\" alt=\"\" srcset=\"https:\/\/learn.cbxmedical.com\/wp-content\/uploads\/2023\/07\/formation-pharma-27-09-23-2-768x428.png 768w, https:\/\/learn.cbxmedical.com\/wp-content\/uploads\/2023\/07\/formation-pharma-27-09-23-2-300x167.png 300w, https:\/\/learn.cbxmedical.com\/wp-content\/uploads\/2023\/07\/formation-pharma-27-09-23-2-1024x570.png 1024w, https:\/\/learn.cbxmedical.com\/wp-content\/uploads\/2023\/07\/formation-pharma-27-09-23-2-1536x855.png 1536w, https:\/\/learn.cbxmedical.com\/wp-content\/uploads\/2023\/07\/formation-pharma-27-09-23-2.png 2048w\" sizes=\"(max-width: 768px) 100vw, 768px\" \/><\/div>\n\t\t<\/a>\n\t\t\t\t<div class=\"elementor-post__text\">\n\t\t\t\t<h2 class=\"elementor-post__title\">\n\t\t\t<a href=\"https:\/\/learn.cbxmedical.com\/nl\/subside\/\" >\n\t\t\t\tLe plus gros subside jamais octroy\u00e9 pour la recherche du cannabis en Belgique !\t\t\t<\/a>\n\t\t<\/h2>\n\t\t\t\t<div class=\"elementor-post__meta-data\">\n\t\t\t\t\t<span class=\"elementor-post-date\">\n\t\t\tjuli 19, 2023\t\t<\/span>\n\t\t\t\t<\/div>\n\t\t\t\t<div class=\"elementor-post__excerpt\">\n\t\t\t<p>CBX Medical, une jeune soci\u00e9t\u00e9 belge, sp\u00e9cialis\u00e9e dans le d\u00e9veloppement et la distribution de solutions de sant\u00e9, re\u00e7oit une subvention de 573 500 euros pour<\/p>\n\t\t<\/div>\n\t\t\n\t\t<a class=\"elementor-post__read-more\" href=\"https:\/\/learn.cbxmedical.com\/nl\/subside\/\" aria-label=\"Read more about Le plus gros subside jamais octroy\u00e9 pour la recherche du cannabis en Belgique !\" tabindex=\"-1\" >\n\t\t\tLire la suite \u00bb\t\t<\/a>\n\n\t\t\t\t<\/div>\n\t\t\t\t<\/article>\n\t\t\t\t<article class=\"elementor-post elementor-grid-item post-76 post type-post status-publish format-standard has-post-thumbnail hentry category-uncategorized\" role=\"listitem\">\n\t\t\t\t<a class=\"elementor-post__thumbnail__link\" href=\"https:\/\/learn.cbxmedical.com\/nl\/insomnie-cause-consequences-et-conseils\/\" tabindex=\"-1\" >\n\t\t\t<div class=\"elementor-post__thumbnail\"><img decoding=\"async\" width=\"768\" height=\"512\" src=\"https:\/\/learn.cbxmedical.com\/wp-content\/uploads\/2022\/12\/beautiful-girl-suffering-from-insomnia-lying-her-bed-middle-night-768x512.jpg\" class=\"attachment-medium_large size-medium_large wp-image-77\" alt=\"\" srcset=\"https:\/\/learn.cbxmedical.com\/wp-content\/uploads\/2022\/12\/beautiful-girl-suffering-from-insomnia-lying-her-bed-middle-night-768x512.jpg 768w, https:\/\/learn.cbxmedical.com\/wp-content\/uploads\/2022\/12\/beautiful-girl-suffering-from-insomnia-lying-her-bed-middle-night-300x200.jpg 300w, https:\/\/learn.cbxmedical.com\/wp-content\/uploads\/2022\/12\/beautiful-girl-suffering-from-insomnia-lying-her-bed-middle-night-1024x682.jpg 1024w, https:\/\/learn.cbxmedical.com\/wp-content\/uploads\/2022\/12\/beautiful-girl-suffering-from-insomnia-lying-her-bed-middle-night-1536x1023.jpg 1536w, https:\/\/learn.cbxmedical.com\/wp-content\/uploads\/2022\/12\/beautiful-girl-suffering-from-insomnia-lying-her-bed-middle-night.jpg 2001w\" sizes=\"(max-width: 768px) 100vw, 768px\" \/><\/div>\n\t\t<\/a>\n\t\t\t\t<div class=\"elementor-post__text\">\n\t\t\t\t<h2 class=\"elementor-post__title\">\n\t\t\t<a href=\"https:\/\/learn.cbxmedical.com\/nl\/insomnie-cause-consequences-et-conseils\/\" >\n\t\t\t\tInsomnie : cause, cons\u00e9quences et conseils\t\t\t<\/a>\n\t\t<\/h2>\n\t\t\t\t<div class=\"elementor-post__meta-data\">\n\t\t\t\t\t<span class=\"elementor-post-date\">\n\t\t\tdecember 22, 2022\t\t<\/span>\n\t\t\t\t<\/div>\n\t\t\t\t<div class=\"elementor-post__excerpt\">\n\t\t\t<p>Les insomnies touchent de tr\u00e8s nombreuses personnes. Quelles sont leurs causes? Leurs cons\u00e9quences? Que faire pour les \u00e9viter? M\u00eame en comptant les moutons, certaines nuits,<\/p>\n\t\t<\/div>\n\t\t\n\t\t<a class=\"elementor-post__read-more\" href=\"https:\/\/learn.cbxmedical.com\/nl\/insomnie-cause-consequences-et-conseils\/\" aria-label=\"Read more about Insomnie : cause, cons\u00e9quences et conseils\" tabindex=\"-1\" >\n\t\t\tLire la suite \u00bb\t\t<\/a>\n\n\t\t\t\t<\/div>\n\t\t\t\t<\/article>\n\t\t\t\t<article class=\"elementor-post elementor-grid-item post-73 post type-post status-publish format-standard has-post-thumbnail hentry category-uncategorized\" role=\"listitem\">\n\t\t\t\t<a class=\"elementor-post__thumbnail__link\" href=\"https:\/\/learn.cbxmedical.com\/nl\/recuperation-apres-le-sport\/\" tabindex=\"-1\" >\n\t\t\t<div class=\"elementor-post__thumbnail\"><img loading=\"lazy\" decoding=\"async\" width=\"768\" height=\"432\" src=\"https:\/\/learn.cbxmedical.com\/wp-content\/uploads\/2022\/12\/637b895978ea2a3d34df0e64_Stretching-apres-le-sport-CBD-768x432.jpg\" class=\"attachment-medium_large size-medium_large wp-image-74\" alt=\"\" srcset=\"https:\/\/learn.cbxmedical.com\/wp-content\/uploads\/2022\/12\/637b895978ea2a3d34df0e64_Stretching-apres-le-sport-CBD-768x432.jpg 768w, https:\/\/learn.cbxmedical.com\/wp-content\/uploads\/2022\/12\/637b895978ea2a3d34df0e64_Stretching-apres-le-sport-CBD-300x169.jpg 300w, https:\/\/learn.cbxmedical.com\/wp-content\/uploads\/2022\/12\/637b895978ea2a3d34df0e64_Stretching-apres-le-sport-CBD-1024x576.jpg 1024w, https:\/\/learn.cbxmedical.com\/wp-content\/uploads\/2022\/12\/637b895978ea2a3d34df0e64_Stretching-apres-le-sport-CBD-1536x864.jpg 1536w, https:\/\/learn.cbxmedical.com\/wp-content\/uploads\/2022\/12\/637b895978ea2a3d34df0e64_Stretching-apres-le-sport-CBD-2048x1152.jpg 2048w\" sizes=\"(max-width: 768px) 100vw, 768px\" \/><\/div>\n\t\t<\/a>\n\t\t\t\t<div class=\"elementor-post__text\">\n\t\t\t\t<h2 class=\"elementor-post__title\">\n\t\t\t<a href=\"https:\/\/learn.cbxmedical.com\/nl\/recuperation-apres-le-sport\/\" >\n\t\t\t\tR\u00e9cup\u00e9ration apr\u00e8s le sport\t\t\t<\/a>\n\t\t<\/h2>\n\t\t\t\t<div class=\"elementor-post__meta-data\">\n\t\t\t\t\t<span class=\"elementor-post-date\">\n\t\t\tdecember 22, 2022\t\t<\/span>\n\t\t\t\t<\/div>\n\t\t\t\t<div class=\"elementor-post__excerpt\">\n\t\t\t<p>La r\u00e9cup\u00e9ration apr\u00e8s l&rsquo;effort est essentielle. Comment y parvenir? Une s\u00e9ance d\u2019activit\u00e9 physique permet de d\u00e9compresser. En effet, apr\u00e8s le sport, on se sent assouvi<\/p>\n\t\t<\/div>\n\t\t\n\t\t<a class=\"elementor-post__read-more\" href=\"https:\/\/learn.cbxmedical.com\/nl\/recuperation-apres-le-sport\/\" aria-label=\"Read more about R\u00e9cup\u00e9ration apr\u00e8s le sport\" tabindex=\"-1\" >\n\t\t\tLire la suite \u00bb\t\t<\/a>\n\n\t\t\t\t<\/div>\n\t\t\t\t<\/article>\n\t\t\t\t<article class=\"elementor-post elementor-grid-item post-67 post type-post status-publish format-standard has-post-thumbnail hentry category-uncategorized\" role=\"listitem\">\n\t\t\t\t<a class=\"elementor-post__thumbnail__link\" href=\"https:\/\/learn.cbxmedical.com\/nl\/votre-corps-produit-des-cannabinoides\/\" tabindex=\"-1\" >\n\t\t\t<div class=\"elementor-post__thumbnail\"><img loading=\"lazy\" decoding=\"async\" width=\"768\" height=\"645\" src=\"https:\/\/learn.cbxmedical.com\/wp-content\/uploads\/2022\/12\/637b895978ea2a12f8df0e65_CBX21-001-schema-pos-768x645.png\" class=\"attachment-medium_large size-medium_large wp-image-68\" alt=\"\" srcset=\"https:\/\/learn.cbxmedical.com\/wp-content\/uploads\/2022\/12\/637b895978ea2a12f8df0e65_CBX21-001-schema-pos-768x645.png 768w, https:\/\/learn.cbxmedical.com\/wp-content\/uploads\/2022\/12\/637b895978ea2a12f8df0e65_CBX21-001-schema-pos-300x252.png 300w, https:\/\/learn.cbxmedical.com\/wp-content\/uploads\/2022\/12\/637b895978ea2a12f8df0e65_CBX21-001-schema-pos-1024x860.png 1024w, https:\/\/learn.cbxmedical.com\/wp-content\/uploads\/2022\/12\/637b895978ea2a12f8df0e65_CBX21-001-schema-pos-1536x1290.png 1536w, https:\/\/learn.cbxmedical.com\/wp-content\/uploads\/2022\/12\/637b895978ea2a12f8df0e65_CBX21-001-schema-pos-2048x1720.png 2048w\" sizes=\"(max-width: 768px) 100vw, 768px\" \/><\/div>\n\t\t<\/a>\n\t\t\t\t<div class=\"elementor-post__text\">\n\t\t\t\t<h2 class=\"elementor-post__title\">\n\t\t\t<a href=\"https:\/\/learn.cbxmedical.com\/nl\/votre-corps-produit-des-cannabinoides\/\" >\n\t\t\t\tVotre corps produit des cannabino\u00efdes\t\t\t<\/a>\n\t\t<\/h2>\n\t\t\t\t<div class=\"elementor-post__meta-data\">\n\t\t\t\t\t<span class=\"elementor-post-date\">\n\t\t\tdecember 22, 2022\t\t<\/span>\n\t\t\t\t<\/div>\n\t\t\t\t<div class=\"elementor-post__excerpt\">\n\t\t\t<p>En Belgique, nous sommes 11 millions de producteurs de cannabino\u00efdes! Les endocannabino\u00efdes, ceux produits par notre corps&#8230; Le corps humain produit lui aussi des cannabino\u00efdes,<\/p>\n\t\t<\/div>\n\t\t\n\t\t<a class=\"elementor-post__read-more\" href=\"https:\/\/learn.cbxmedical.com\/nl\/votre-corps-produit-des-cannabinoides\/\" aria-label=\"Read more about Votre corps produit des cannabino\u00efdes\" tabindex=\"-1\" >\n\t\t\tLire la suite \u00bb\t\t<\/a>\n\n\t\t\t\t<\/div>\n\t\t\t\t<\/article>\n\t\t\t\t<article class=\"elementor-post elementor-grid-item post-62 post type-post status-publish format-standard has-post-thumbnail hentry category-uncategorized\" role=\"listitem\">\n\t\t\t\t<a class=\"elementor-post__thumbnail__link\" href=\"https:\/\/learn.cbxmedical.com\/nl\/le-systeme-endocannabinoide\/\" tabindex=\"-1\" >\n\t\t\t<div class=\"elementor-post__thumbnail\"><img loading=\"lazy\" decoding=\"async\" width=\"513\" height=\"420\" src=\"https:\/\/learn.cbxmedical.com\/wp-content\/uploads\/2022\/12\/systeme-endocannabinoide.png\" class=\"attachment-medium_large size-medium_large wp-image-63\" alt=\"\" srcset=\"https:\/\/learn.cbxmedical.com\/wp-content\/uploads\/2022\/12\/systeme-endocannabinoide.png 513w, https:\/\/learn.cbxmedical.com\/wp-content\/uploads\/2022\/12\/systeme-endocannabinoide-300x246.png 300w\" sizes=\"(max-width: 513px) 100vw, 513px\" \/><\/div>\n\t\t<\/a>\n\t\t\t\t<div class=\"elementor-post__text\">\n\t\t\t\t<h2 class=\"elementor-post__title\">\n\t\t\t<a href=\"https:\/\/learn.cbxmedical.com\/nl\/le-systeme-endocannabinoide\/\" >\n\t\t\t\tLe syst\u00e8me endocannabino\u00efde\t\t\t<\/a>\n\t\t<\/h2>\n\t\t\t\t<div class=\"elementor-post__meta-data\">\n\t\t\t\t\t<span class=\"elementor-post-date\">\n\t\t\tdecember 22, 2022\t\t<\/span>\n\t\t\t\t<\/div>\n\t\t\t\t<div class=\"elementor-post__excerpt\">\n\t\t\t<p>Le syst\u00e8me endocannabino\u00efde est un syst\u00e8me biochimique complexe qui r\u00e9gule d\u2019autres syst\u00e8mes et fonctions du corps humain. Le syst\u00e8me endocannabino\u00efde (SEC) a \u00e9t\u00e9 d\u00e9couvert dans<\/p>\n\t\t<\/div>\n\t\t\n\t\t<a class=\"elementor-post__read-more\" href=\"https:\/\/learn.cbxmedical.com\/nl\/le-systeme-endocannabinoide\/\" aria-label=\"Read more about Le syst\u00e8me endocannabino\u00efde\" tabindex=\"-1\" >\n\t\t\tLire la suite \u00bb\t\t<\/a>\n\n\t\t\t\t<\/div>\n\t\t\t\t<\/article>\n\t\t\t\t<\/div>\n\t\t\n\t\t\t\t<div class=\"e-load-more-anchor\" data-page=\"1\" data-max-page=\"2\" data-next-page=\"https:\/\/learn.cbxmedical.com\/nl\/wp-json\/wp\/v2\/pages\/7\/page\/2\/\"><\/div>\n\t\t\t\t<nav class=\"elementor-pagination\" aria-label=\"Pagination\">\n\t\t\t<span aria-current=\"page\" class=\"page-numbers current\"><span class=\"elementor-screen-only\">Page<\/span>1<\/span>\n<a class=\"page-numbers\" href=\"https:\/\/learn.cbxmedical.com\/nl\/wp-json\/wp\/v2\/pages\/7\/page\/2\/\"><span class=\"elementor-screen-only\">Page<\/span>2<\/a>\t\t<\/nav>\n\t\t\t\t\t\t<\/div>\n\t\t\t\t<\/div>\n\t\t\t\t\t<\/div>\n\t\t<\/div>\n\t\t\t\t\t<\/div>\n\t\t<\/section>\n\t\t\t\t<\/div>","protected":false},"excerpt":{"rendered":"","protected":false},"author":1,"featured_media":0,"parent":0,"menu_order":0,"comment_status":"closed","ping_status":"closed","template":"elementor_theme","meta":{"_coblocks_attr":"","_coblocks_dimensions":"","_coblocks_responsive_height":"","_coblocks_accordion_ie_support":"","footnotes":""},"class_list":["post-7","page","type-page","status-publish","hentry"],"yoast_head":"<!-- This site is optimized with the Yoast SEO plugin v27.4 - https:\/\/yoast.com\/product\/yoast-seo-wordpress\/ -->\n<title>Accueil - CBX Medical<\/title>\n<meta name=\"robots\" content=\"noindex, follow, max-snippet:-1, max-image-preview:large, max-video-preview:-1\" \/>\n<meta property=\"og:locale\" content=\"nl_BE\" \/>\n<meta property=\"og:type\" content=\"article\" \/>\n<meta property=\"og:title\" content=\"Accueil - CBX Medical\" \/>\n<meta property=\"og:url\" content=\"https:\/\/learn.cbxmedical.com\/nl\/\" \/>\n<meta property=\"og:site_name\" content=\"CBX Medical\" \/>\n<meta property=\"article:modified_time\" content=\"2023-08-18T10:54:26+00:00\" \/>\n<meta name=\"twitter:card\" content=\"summary_large_image\" \/>\n<meta name=\"twitter:label1\" content=\"Geschatte leestijd\" \/>\n\t<meta name=\"twitter:data1\" content=\"3 minuten\" \/>\n<script type=\"application\/ld+json\" class=\"yoast-schema-graph\">{\"@context\":\"https:\\\/\\\/schema.org\",\"@graph\":[{\"@type\":\"WebPage\",\"@id\":\"https:\\\/\\\/learn.cbxmedical.com\\\/\",\"url\":\"https:\\\/\\\/learn.cbxmedical.com\\\/\",\"name\":\"Accueil - CBX Medical\",\"isPartOf\":{\"@id\":\"https:\\\/\\\/learn.cbxmedical.com\\\/#website\"},\"datePublished\":\"2022-12-22T08:08:04+00:00\",\"dateModified\":\"2023-08-18T10:54:26+00:00\",\"breadcrumb\":{\"@id\":\"https:\\\/\\\/learn.cbxmedical.com\\\/#breadcrumb\"},\"inLanguage\":\"nl-BE\",\"potentialAction\":[{\"@type\":\"ReadAction\",\"target\":[\"https:\\\/\\\/learn.cbxmedical.com\\\/\"]}]},{\"@type\":\"BreadcrumbList\",\"@id\":\"https:\\\/\\\/learn.cbxmedical.com\\\/#breadcrumb\",\"itemListElement\":[{\"@type\":\"ListItem\",\"position\":1,\"name\":\"Accueil\",\"item\":\"https:\\\/\\\/learn.cbxmedical.com\\\/\"},{\"@type\":\"ListItem\",\"position\":2,\"name\":\"Accueil\"}]},{\"@type\":\"WebSite\",\"@id\":\"https:\\\/\\\/learn.cbxmedical.com\\\/#website\",\"url\":\"https:\\\/\\\/learn.cbxmedical.com\\\/\",\"name\":\"CBX Medical\",\"description\":\"\",\"potentialAction\":[{\"@type\":\"SearchAction\",\"target\":{\"@type\":\"EntryPoint\",\"urlTemplate\":\"https:\\\/\\\/learn.cbxmedical.com\\\/?s={search_term_string}\"},\"query-input\":{\"@type\":\"PropertyValueSpecification\",\"valueRequired\":true,\"valueName\":\"search_term_string\"}}],\"inLanguage\":\"nl-BE\"}]}<\/script>\n<!-- \/ Yoast SEO plugin. -->","yoast_head_json":{"title":"Accueil - CBX Medical","robots":{"index":"noindex","follow":"follow","max-snippet":"max-snippet:-1","max-image-preview":"max-image-preview:large","max-video-preview":"max-video-preview:-1"},"og_locale":"nl_BE","og_type":"article","og_title":"Accueil - CBX Medical","og_url":"https:\/\/learn.cbxmedical.com\/nl\/","og_site_name":"CBX Medical","article_modified_time":"2023-08-18T10:54:26+00:00","twitter_card":"summary_large_image","twitter_misc":{"Geschatte leestijd":"3 minuten"},"schema":{"@context":"https:\/\/schema.org","@graph":[{"@type":"WebPage","@id":"https:\/\/learn.cbxmedical.com\/","url":"https:\/\/learn.cbxmedical.com\/","name":"Accueil - CBX Medical","isPartOf":{"@id":"https:\/\/learn.cbxmedical.com\/#website"},"datePublished":"2022-12-22T08:08:04+00:00","dateModified":"2023-08-18T10:54:26+00:00","breadcrumb":{"@id":"https:\/\/learn.cbxmedical.com\/#breadcrumb"},"inLanguage":"nl-BE","potentialAction":[{"@type":"ReadAction","target":["https:\/\/learn.cbxmedical.com\/"]}]},{"@type":"BreadcrumbList","@id":"https:\/\/learn.cbxmedical.com\/#breadcrumb","itemListElement":[{"@type":"ListItem","position":1,"name":"Accueil","item":"https:\/\/learn.cbxmedical.com\/"},{"@type":"ListItem","position":2,"name":"Accueil"}]},{"@type":"WebSite","@id":"https:\/\/learn.cbxmedical.com\/#website","url":"https:\/\/learn.cbxmedical.com\/","name":"CBX Medical","description":"","potentialAction":[{"@type":"SearchAction","target":{"@type":"EntryPoint","urlTemplate":"https:\/\/learn.cbxmedical.com\/?s={search_term_string}"},"query-input":{"@type":"PropertyValueSpecification","valueRequired":true,"valueName":"search_term_string"}}],"inLanguage":"nl-BE"}]}},"_links":{"self":[{"href":"https:\/\/learn.cbxmedical.com\/nl\/wp-json\/wp\/v2\/pages\/7","targetHints":{"allow":["GET"]}}],"collection":[{"href":"https:\/\/learn.cbxmedical.com\/nl\/wp-json\/wp\/v2\/pages"}],"about":[{"href":"https:\/\/learn.cbxmedical.com\/nl\/wp-json\/wp\/v2\/types\/page"}],"author":[{"embeddable":true,"href":"https:\/\/learn.cbxmedical.com\/nl\/wp-json\/wp\/v2\/users\/1"}],"replies":[{"embeddable":true,"href":"https:\/\/learn.cbxmedical.com\/nl\/wp-json\/wp\/v2\/comments?post=7"}],"version-history":[{"count":13,"href":"https:\/\/learn.cbxmedical.com\/nl\/wp-json\/wp\/v2\/pages\/7\/revisions"}],"predecessor-version":[{"id":740,"href":"https:\/\/learn.cbxmedical.com\/nl\/wp-json\/wp\/v2\/pages\/7\/revisions\/740"}],"wp:attachment":[{"href":"https:\/\/learn.cbxmedical.com\/nl\/wp-json\/wp\/v2\/media?parent=7"}],"curies":[{"name":"wp","href":"https:\/\/api.w.org\/{rel}","templated":true}]}}