{"id":3,"date":"2022-12-15T14:53:36","date_gmt":"2022-12-15T14:53:36","guid":{"rendered":"https:\/\/learn.cbxmedical.com\/?page_id=3"},"modified":"2022-12-22T09:46:42","modified_gmt":"2022-12-22T09:46:42","slug":"politique-confidentialite","status":"publish","type":"page","link":"https:\/\/learn.cbxmedical.com\/nl\/politique-confidentialite\/","title":{"rendered":"Politique de confidentialit\u00e9"},"content":{"rendered":"<div data-elementor-type=\"wp-page\" data-elementor-id=\"3\" class=\"elementor elementor-3\" data-elementor-post-type=\"page\">\n\t\t\t\t\t\t<section class=\"elementor-section elementor-top-section elementor-element elementor-element-42eb9379 elementor-section-boxed elementor-section-height-default elementor-section-height-default\" data-id=\"42eb9379\" data-element_type=\"section\" data-e-type=\"section\">\n\t\t\t\t\t\t<div class=\"elementor-container elementor-column-gap-default\">\n\t\t\t\t\t<div class=\"elementor-column elementor-col-100 elementor-top-column elementor-element elementor-element-149cfbfa\" data-id=\"149cfbfa\" data-element_type=\"column\" data-e-type=\"column\">\n\t\t\t<div class=\"elementor-widget-wrap elementor-element-populated\">\n\t\t\t\t\t\t<div class=\"elementor-element elementor-element-5697af12 elementor-widget elementor-widget-text-editor\" data-id=\"5697af12\" data-element_type=\"widget\" data-e-type=\"widget\" data-widget_type=\"text-editor.default\">\n\t\t\t\t<div class=\"elementor-widget-container\">\n\t\t\t\t\t\t\t\t\t\n<h2 class=\"wp-block-heading\">A. INTRODUCTION<\/h2>\n\n\n\n<ol class=\"wp-block-list\">\n<li>La confidentialit\u00e9 des visiteurs de notre site web est tr\u00e8s importante \u00e0 nos yeux, et nous nous engageons \u00e0 la prot\u00e9ger. Cette politique d\u00e9taille ce que nous faisons de vos informations personnelles.<\/li>\n\n\n\n<li>Consentir \u00e0 notre utilisation de cookies en accord avec cette politique lors de votre premi\u00e8re visite de notre site web nous permet d\u2019utiliser des cookies \u00e0 chaque fois que vous consultez notre site.<\/li>\n<\/ol>\n\n\n\n<h2 class=\"wp-block-heading\">B. SOURCE<\/h2>\n\n\n\n<p>Ce document a \u00e9t\u00e9 cr\u00e9\u00e9 gr\u00e2ce \u00e0 un mod\u00e8le de SEQ Legal (seqlegal.com) \u00a0et a \u00e9t\u00e9 modifi\u00e9 par CBX Medical (www.cbxmedical.com).<\/p>\n\n\n\n<h2 class=\"wp-block-heading\">C. COLLECTE D&rsquo;INFORMATIONS PERSONNELLES<\/h2>\n\n\n\n<p>Les types d\u2019informations personnelles suivants peuvent collect\u00e9s, stock\u00e9s et utilis\u00e9s :<\/p>\n\n\n\n<ol class=\"wp-block-list\">\n<li>Des informations \u00e0 propos de votre ordinateur, y compris votre adresse IP, votre localisation g\u00e9ographique, le type et la version de votre navigateur, et votre syst\u00e8me d\u2019exploitation ;<\/li>\n\n\n\n<li>\u200bDes informations sur vos visites et votre utilisation de ce site web y compris la source r\u00e9f\u00e9rente, la dur\u00e9e de la visite, les pages vues, et les chemins de navigation de sites web ;<\/li>\n\n\n\n<li>Des informations comme votre adresse e-mail, que vous nous fournissez lors de votre inscription au site ;<\/li>\n\n\n\n<li>\u200bDes informations que vous saisissez quand vous cr\u00e9ez un profil sur notre site web comme votre nom, votre photo de profil, votre genre, votre date de naissance, votre situation amoureuse, vos int\u00e9r\u00eats et vos loisirs, votre parcours scolaire et votre parcours professionnel ;<\/li>\n\n\n\n<li>\u200bDes informations comme votre nom et votre adresse e-mail, que vous saisissez pour souscrire \u00e0 nos e-mails et\/ou newsletters ;<\/li>\n\n\n\n<li>\u200bDes informations que vous saisissez quand vous utilisez les services de notre site web ;<\/li>\n\n\n\n<li>\u200bDes informations g\u00e9n\u00e9r\u00e9es lors de l\u2019utilisation de notre site, y compris quand, \u00e0 quelle fr\u00e9quence et sous quelles circonstances vous l\u2019utilisez ;<\/li>\n\n\n\n<li>\u200bDes informations relatives aux achats que vous faites, aux services que vous utilisez ou aux transactions que vous effectuez sur notre site, qui incluent votre nom, adresse, num\u00e9ro de t\u00e9l\u00e9phone, adresse e-mail et informations bancaires ;<\/li>\n\n\n\n<li>\u200bDes informations que vous publiez sur notre site web dans l\u2019intention de les publier sur internet, et qui incluent votre identifiant, vos photos de profil et le contenu de vos publications ;<\/li>\n\n\n\n<li>\u200bDes informations contenues dans toutes les communications que vous nous envoyez par e-mail ou sur notre site web, y compris leurs contenus et leurs m\u00e9tadonn\u00e9es ;<\/li>\n\n\n\n<li>\u200bToute autre information personnelle que vous nous communiquez.<\/li>\n<\/ol>\n\n\n\n<p>Avant de nous divulguer des informations personnelles concernant une autre personne, vous devez obtenir le consentement de ladite personne en ce qui concerne la divulgation et le traitement de ces informations personnelles selon les termes de cette politique<\/p>\n\n\n\n<h2 class=\"wp-block-heading\">D. UTILISATION DE VOS INFORMATIONS PERSONNELLES<\/h2>\n\n\n\n<p>Les informations personnelles qui nous sont fournies par le biais de notre site web seront utilis\u00e9es dans les objectifs d\u00e9crits dans cette politique ou dans les pages du site pertinentes. Nous pouvons utiliser vos informations personnelles pour:<\/p>\n\n\n\n<ol class=\"wp-block-list\">\n<li>Administrer notre site web et notre entreprise ;<\/li>\n\n\n\n<li>Personnaliser notre site web pour vous ;<\/li>\n\n\n\n<li>Permettre votre utilisation des services propos\u00e9s sur notre site web ;<\/li>\n\n\n\n<li>Vous envoyer les marchandises achet\u00e9es sur notre site ;<\/li>\n\n\n\n<li>\u200bVous fournir les services achet\u00e9s sur notre site ;<\/li>\n\n\n\n<li>\u200bVous envoyer des relev\u00e9s, des factures et des rappels de paiement, et collecter vos paiements ;<\/li>\n\n\n\n<li>\u200bVous envoyer des communications commerciales non relatives au marketing ;<\/li>\n\n\n\n<li>\u200bVous envoyer des notifications par e-mail que vous avez express\u00e9ment demand\u00e9es ;<\/li>\n\n\n\n<li>\u200bVous envoyer notre newsletter par mail, si vous l\u2019avez demand\u00e9 (vous pouvez nous informer \u00e0 tout moment de votre volont\u00e9 de ne plus recevoir notre newsletter) ;<\/li>\n\n\n\n<li>Vous envoyer des communications marketing relatives \u00e0 notre entreprise ou \u00e0 des entreprises tierces s\u00e9lectionn\u00e9es avec soin qui selon nous pourraient vous int\u00e9resser, sous forme de publication, ou si vous avez express\u00e9ment donn\u00e9 votre accord, par e-mail ou technologie similaire (vous pouvez nous informer \u00e0 tout moment de votre volont\u00e9 de ne plus recevoir de communications marketing) ;<\/li>\n\n\n\n<li>\u200bFournir des informations statistiques \u00e0 propos de nos utilisateurs \u00e0 des tierces parties (sans que ces tierces parties puissent identifier d\u2019utilisateur individuel avec ces informations) ;<\/li>\n\n\n\n<li>\u200bTraiter les demandes et les r\u00e9clamations relatives \u00e0 votre site web effectu\u00e9es par vous ou vous concernant ;<\/li>\n\n\n\n<li>\u200bMaintenir la s\u00e9curit\u00e9 de notre site web et emp\u00eacher la fraude ;<\/li>\n\n\n\n<li>\u200bV\u00e9rifier le respect des conditions g\u00e9n\u00e9rales qui r\u00e9gissent l\u2019utilisation de notre site web (y compris surveiller les messages priv\u00e9s envoy\u00e9s par le biais du service de messagerie priv\u00e9 de notre site web) ; et<\/li>\n\n\n\n<li>D\u2019autres utilisations.<\/li>\n<\/ol>\n\n\n\n<p>Si vous soumettez des informations personnelles sur notre site web dans le but de les publier, nous les publierons et pourrons utiliser ces informations conform\u00e9ment aux autorisations que vous nous accordez.<\/p>\n\n\n\n<p>Vos param\u00e8tres de confidentialit\u00e9 peuvent \u00eatre utilis\u00e9s pour limiter la publication de vos informations sur notre site web et peuvent \u00eatre ajust\u00e9s dans vos param\u00e8tres de confidentialit\u00e9 sur le site web.<br>Sans votre consentement explicite, nous ne fournirons pas vos informations personnelles \u00e0 des tierces parties pour leur marketing direct, ni celui d\u2019autres tierces parties.<\/p>\n\n\n\n<h2 class=\"wp-block-heading\">E. DIVULGATION DE VOS INFORMATIONS PERSONNELLES<\/h2>\n\n\n\n<p>Nous pouvons divulguer vos informations personnelles \u00e0 n\u2019importe lequel de nos employ\u00e9s, dirigeants, assureurs, conseillers professionnels, agents, fournisseurs, ou sous-traitants dans la mesure o\u00f9 cela est raisonnablement n\u00e9cessaire aux fins \u00e9nonc\u00e9es dans cette politique.<\/p>\n\n\n\n<p>Nous pouvons divulguer vos informations personnelles \u00e0 n\u2019importe quel membre de notre groupe d\u2019entreprises (cela signifie nos filiales, notre soci\u00e9t\u00e9 holding ultime et toutes ses filiales) dans la mesure o\u00f9 cela est raisonnablement n\u00e9cessaire aux fins \u00e9nonc\u00e9es dans cette politique.<\/p>\n\n\n\n<p>Nous pouvons divulguer vos informations personnelles:<\/p>\n\n\n\n<ol class=\"wp-block-list\">\n<li>Dans la mesure o\u00f9 nous sommes tenus de le faire par la loi ;<\/li>\n\n\n\n<li>Dans le cadre de toute proc\u00e9dure judiciaire en cours ou \u00e0 venir ;<\/li>\n\n\n\n<li>Pour \u00e9tablir, exercer ou d\u00e9fendre nos droits l\u00e9gaux (y compris fournir des informations \u00e0 d\u2019autres \u00e0 des fins de pr\u00e9vention des fraudes et de r\u00e9duction des risques de cr\u00e9dit) ;<\/li>\n\n\n\n<li>\u00c0 l\u2019acheteur (ou acheteur potentiel) de toute entreprise ou actif en notre possession que nous souhaitons (ou envisageons de) vendre ; et<\/li>\n\n\n\n<li>\u200b\u00c0 toute personne que nous estimons raisonnablement faire partie int\u00e9grante d\u2019un tribunal ou autre autorit\u00e9 comp\u00e9tente pour la divulgation de ces informations personnelles si, selon notre opinion, un tel tribunal ou une telle autorit\u00e9 serait susceptible de demander la divulgation de ces informations personnelles.<\/li>\n<\/ol>\n\n\n\n<p>Sauf disposition contraire de la pr\u00e9sente politique, nous ne transmettrons pas vos informations personnelles \u00e0 des tierces parties.<\/p>\n\n\n\n<h2 class=\"wp-block-heading\">F. TRANSFERTS INTERNATIONAUX DE DONN\u00c9ES<\/h2>\n\n\n\n<ol class=\"wp-block-list\">\n<li>Les informations que nous collectons peuvent \u00eatre stock\u00e9es, trait\u00e9es et transf\u00e9r\u00e9es dans tous les pays dans lesquels nous op\u00e9rons, afin de nous permettre d\u2019utiliser les informations en accord avec cette politique.<\/li>\n\n\n\n<li>Les informations que nous collectons peuvent \u00eatre transf\u00e9r\u00e9es dans les pays suivants, n\u2019ayant pas de lois de protections des donn\u00e9es \u00e9quivalentes \u00e0 celles en vigueur dans l\u2019espace \u00e9conomique europ\u00e9en : les \u00c9tats-Unis d\u2019Am\u00e9rique, le Japon, la Chine et l\u2019Inde.<\/li>\n\n\n\n<li>Les informations personnelles que vous publiez sur notre site web ou que vous soumettez \u00e0 la publication peuvent \u00eatre disponibles, via internet, dans le monde entier. Nous ne pouvons emp\u00eacher l\u2019utilisation, bonne ou mauvaise, de ces informations par des tiers.<\/li>\n\n\n\n<li>Vous acceptez express\u00e9ment le transfert d\u2019informations personnelles d\u00e9crit dans cette Section F.<\/li>\n<\/ol>\n\n\n\n<h2 class=\"wp-block-heading\">G. CONSERVATION DE VOS INFORMATIONS PERSONNELLES<\/h2>\n\n\n\n<ol class=\"wp-block-list\">\n<li>Cette Section G d\u00e9taille nos politiques de conservation des donn\u00e9es et nos proc\u00e9dures, con\u00e7ues pour nous aider \u00e0 nous conformer \u00e0 nos obligations l\u00e9gales concernant la conservation et la suppression d\u2019informations personnelles.<\/li>\n\n\n\n<li>Les informations personnelles que nous traitons \u00e0 quelque fin que ce soit ne sont pas conserv\u00e9es plus longtemps que n\u00e9cessaire \u00e0 cette fin ou \u00e0 ces fins.<\/li>\n\n\n\n<li>Nonobstant les autres dispositions de cette Section G, nous conserverons des documents (y compris des documents \u00e9lectroniques) contenant des donn\u00e9es personnelles:\n<ol class=\"wp-block-list\">\n<li>Dans la mesure o\u00f9 nous sommes tenus de le faire par la loi ;<\/li>\n\n\n\n<li>Si nous pensons que les documents peuvent \u00eatre pertinents pour toute proc\u00e9dure judiciaire en cours ou potentielle ; et<\/li>\n\n\n\n<li>Pour \u00e9tablir, exercer ou d\u00e9fendre nos droits l\u00e9gaux (y compris fournir des informations \u00e0 d\u2019autres \u00e0 des fins de pr\u00e9vention des fraudes et de r\u00e9duction des risques de cr\u00e9dit).<\/li>\n<\/ol>\n<\/li>\n<\/ol>\n\n\n\n<h2 class=\"wp-block-heading\">H. S\u00c9CURIT\u00c9 DE VOS INFORMATIONS PERSONNELLES<\/h2>\n\n\n\n<ol class=\"wp-block-list\">\n<li>Nous prendrons des pr\u00e9cautions techniques et organisationnelles raisonnables pour emp\u00eacher la perte, l\u2019abus ou l\u2019alt\u00e9ration de vos informations personnelle.<\/li>\n\n\n\n<li>Nous stockerons toutes les informations personnelles que vous nous fournissez sur des serveurs s\u00e9curis\u00e9s (prot\u00e9g\u00e9s par mot de passe et pare-feu).<\/li>\n\n\n\n<li>Toutes les transactions financi\u00e8res \u00e9lectroniques effectu\u00e9es par le biais de notre site web seront prot\u00e9g\u00e9es par des technologies de cryptage.<\/li>\n\n\n\n<li>\u200bVous reconnaissez que la transmission d\u2019informations par internet est intrins\u00e8quement non s\u00e9curis\u00e9e, et que nous ne pouvons pas garantir la s\u00e9curit\u00e9 de vos donn\u00e9es envoy\u00e9es par internet.<\/li>\n\n\n\n<li>Vous \u00eates responsable de la confidentialit\u00e9 du mot de passe que vous utilisez pour acc\u00e9der \u00e0 notre site web ; nous ne vous demanderons pas votre mot de passe (sauf quand vous vous identifiez sur notre site web).<\/li>\n<\/ol>\n\n\n\n<h2 class=\"wp-block-heading\">I. AMENDEMENTS<\/h2>\n\n\n\n<p>Nous pouvons parfois mettre cette politique \u00e0 jour en publiant une nouvelle version sur notre site web. Vous devez v\u00e9rifier cette page r\u00e9guli\u00e8rement pour vous assurer de prendre connaissance de tout changement effectu\u00e9 \u00e0 cette politique. Nous pouvons vous informer des changements effectu\u00e9s \u00e0 cette politique par courrier \u00e9lectronique ou par le biais du service de messagerie priv\u00e9e de notre site web.<\/p>\n\n\n\n<h2 class=\"wp-block-heading\">J. VOS DROITS<\/h2>\n\n\n\n<p>Vous pouvez nous demander de vous fournir toute information personnelle que nous d\u00e9tenons sur vous ; le transfert de telles informations sera soumis aux conditions suivantes:<\/p>\n\n\n\n<ol class=\"wp-block-list\">\n<li>Envoi de votre demande \u00e0 l\u2019adresse e-mail info@cbxmedical.com<\/li>\n\n\n\n<li>\u200bLa pr\u00e9sentation de preuves suffisantes de votre identit\u00e9 (\u00e0 ces fins, nous acceptons en g\u00e9n\u00e9ral une photocopie de votre passeport certifi\u00e9e par notaire plus une copie originale d\u2019une facture de service public indiquant votre adresse actuelle).<\/li>\n<\/ol>\n\n\n\n<p>Nous pouvons retenir les informations personnelles que vous demandez dans la mesure autoris\u00e9e par la loi.<\/p>\n\n\n\n<p>Vous pouvez nous demander \u00e0 tout moment de ne pas traiter vos informations personnelles \u00e0 des fins marketing.<br>En pratique, vous exprimerez express\u00e9ment et \u00e0 l\u2019avance votre accord pour que nous utilisions vos informations personnelles \u00e0 des fins marketing ou nous vous fournirons une opportunit\u00e9 de refuser l\u2019utilisation de vos informations personnelles \u00e0 des fins marketing.<\/p>\n\n\n\n<h2 class=\"wp-block-heading\">K. SITES WEB TIERS<\/h2>\n\n\n\n<p>Notre site web contient des liens hypertextes menant vers des sites web tiers et des informations les concernant. Nous n\u2019avons aucun contr\u00f4le sur ces sites, et ne sommes pas responsables de leurs politiques de confidentialit\u00e9 ni de leurs pratiques.<\/p>\n\n\n\n<h2 class=\"wp-block-heading\">L. MISE \u00c0 JOUR DES INFORMATIONS<\/h2>\n\n\n\n<p>Merci de nous faire savoir si les informations personnelles que nous d\u00e9tenons \u00e0 votre sujet doivent \u00eatre corrig\u00e9es ou mises \u00e0 jour.<\/p>\n\n\n\n<h2 class=\"wp-block-heading\">M. COOKIES<\/h2>\n\n\n\n<p>Bloquer tous les cookies aura un impact n\u00e9gatif sur l\u2019utilisation de nombreux sites web. Si vous bloquez les cookies, vous ne pourrez pas utiliser toutes les fonctionnalit\u00e9s de notre site web.<\/p>\n\n\n\n<ol class=\"wp-block-list\">\n<li>Supprimer les cookies aura un impact n\u00e9gatif sur l\u2019utilisation de nombreux sites web.<\/li>\n\n\n\n<li>\u200bVous pouvez supprimer les cookies d\u00e9j\u00e0 stock\u00e9s sur votre ordinateur. Exemple:\n<ol class=\"wp-block-list\">\n<li>avec Internet Explorer (version 10), vous devez supprimer le fichier cookies manuellement (vous pourrez trouver des instructions pour le faire ici&nbsp;http:\/\/support.microsoft.com\/kb\/278835);<\/li>\n\n\n\n<li>avec Firefox (version 24), vous pouvez supprimer les cookies en cliquant sur \u00abOutils\u00bb, \u00abOptions\u00bb, et \u00abConfidentialit\u00e9\u00bb, puis en s\u00e9lectionnant \u00abUtiliser des param\u00e8tres personnalis\u00e9s pour l\u2019historique\u00bb et en cliquant sur \u00abMontrer les cookies\u00bb, puis sur \u00abSupprimer tous les cookies\u00bb; et<\/li>\n\n\n\n<li>avec Chrome (version 29), vous pouvez supprimer tous les cookies en acc\u00e9dant au menu \u00abPersonnaliser et contr\u00f4ler\u00bb puis en cliquant sur \u00abParam\u00e8tres\u00bb, \u00ab Montrer les param\u00e8tres avanc\u00e9s \u00bb et \u00abSupprimer les donn\u00e9es de navigation\u00bb puis \u00abSupprimer les cookies et les donn\u00e9es des modules d\u2019autres sites\u00bb avant de cliquer sur \u00abSupprimer les donn\u00e9es de navigation\u00bb.<\/li>\n<\/ol>\n<\/li>\n<\/ol>\n\t\t\t\t\t\t\t\t<\/div>\n\t\t\t\t<\/div>\n\t\t\t\t\t<\/div>\n\t\t<\/div>\n\t\t\t\t\t<\/div>\n\t\t<\/section>\n\t\t\t\t<\/div>","protected":false},"excerpt":{"rendered":"<p>A. INTRODUCTION B. SOURCE Ce document a \u00e9t\u00e9 cr\u00e9\u00e9 gr\u00e2ce \u00e0 un mod\u00e8le de SEQ Legal (seqlegal.com) \u00a0et a \u00e9t\u00e9 modifi\u00e9 par CBX Medical (www.cbxmedical.com). C. COLLECTE D&rsquo;INFORMATIONS PERSONNELLES Les types d\u2019informations personnelles suivants peuvent collect\u00e9s, stock\u00e9s et utilis\u00e9s : Avant de nous divulguer des informations personnelles concernant une autre personne, vous devez obtenir le [&hellip;]<\/p>\n","protected":false},"author":1,"featured_media":0,"parent":0,"menu_order":0,"comment_status":"closed","ping_status":"open","template":"","meta":{"_coblocks_attr":"","_coblocks_dimensions":"","_coblocks_responsive_height":"","_coblocks_accordion_ie_support":"","footnotes":""},"class_list":["post-3","page","type-page","status-publish","hentry"],"yoast_head":"<!-- This site is optimized with the Yoast SEO plugin v27.4 - https:\/\/yoast.com\/product\/yoast-seo-wordpress\/ -->\n<title>Politique de confidentialit\u00e9 - CBX Medical<\/title>\n<meta name=\"robots\" content=\"noindex, follow, max-snippet:-1, max-image-preview:large, max-video-preview:-1\" \/>\n<meta property=\"og:locale\" content=\"nl_BE\" \/>\n<meta property=\"og:type\" content=\"article\" \/>\n<meta property=\"og:title\" content=\"Politique de confidentialit\u00e9 - CBX Medical\" \/>\n<meta property=\"og:description\" content=\"A. INTRODUCTION B. SOURCE Ce document a \u00e9t\u00e9 cr\u00e9\u00e9 gr\u00e2ce \u00e0 un mod\u00e8le de SEQ Legal (seqlegal.com) \u00a0et a \u00e9t\u00e9 modifi\u00e9 par CBX Medical (www.cbxmedical.com). C. COLLECTE D&rsquo;INFORMATIONS PERSONNELLES Les types d\u2019informations personnelles suivants peuvent collect\u00e9s, stock\u00e9s et utilis\u00e9s : Avant de nous divulguer des informations personnelles concernant une autre personne, vous devez obtenir le [&hellip;]\" \/>\n<meta property=\"og:url\" content=\"https:\/\/learn.cbxmedical.com\/nl\/politique-confidentialite\/\" \/>\n<meta property=\"og:site_name\" content=\"CBX Medical\" \/>\n<meta property=\"article:modified_time\" content=\"2022-12-22T09:46:42+00:00\" \/>\n<meta name=\"twitter:card\" content=\"summary_large_image\" \/>\n<meta name=\"twitter:label1\" content=\"Geschatte leestijd\" \/>\n\t<meta name=\"twitter:data1\" content=\"10 minuten\" \/>\n<script type=\"application\/ld+json\" class=\"yoast-schema-graph\">{\"@context\":\"https:\\\/\\\/schema.org\",\"@graph\":[{\"@type\":\"WebPage\",\"@id\":\"https:\\\/\\\/learn.cbxmedical.com\\\/politique-confidentialite\\\/\",\"url\":\"https:\\\/\\\/learn.cbxmedical.com\\\/politique-confidentialite\\\/\",\"name\":\"Politique de confidentialit\u00e9 - CBX Medical\",\"isPartOf\":{\"@id\":\"https:\\\/\\\/learn.cbxmedical.com\\\/#website\"},\"datePublished\":\"2022-12-15T14:53:36+00:00\",\"dateModified\":\"2022-12-22T09:46:42+00:00\",\"breadcrumb\":{\"@id\":\"https:\\\/\\\/learn.cbxmedical.com\\\/politique-confidentialite\\\/#breadcrumb\"},\"inLanguage\":\"nl-BE\",\"potentialAction\":[{\"@type\":\"ReadAction\",\"target\":[\"https:\\\/\\\/learn.cbxmedical.com\\\/politique-confidentialite\\\/\"]}]},{\"@type\":\"BreadcrumbList\",\"@id\":\"https:\\\/\\\/learn.cbxmedical.com\\\/politique-confidentialite\\\/#breadcrumb\",\"itemListElement\":[{\"@type\":\"ListItem\",\"position\":1,\"name\":\"Accueil\",\"item\":\"https:\\\/\\\/learn.cbxmedical.com\\\/\"},{\"@type\":\"ListItem\",\"position\":2,\"name\":\"Politique de confidentialit\u00e9\"}]},{\"@type\":\"WebSite\",\"@id\":\"https:\\\/\\\/learn.cbxmedical.com\\\/#website\",\"url\":\"https:\\\/\\\/learn.cbxmedical.com\\\/\",\"name\":\"CBX Medical\",\"description\":\"\",\"potentialAction\":[{\"@type\":\"SearchAction\",\"target\":{\"@type\":\"EntryPoint\",\"urlTemplate\":\"https:\\\/\\\/learn.cbxmedical.com\\\/?s={search_term_string}\"},\"query-input\":{\"@type\":\"PropertyValueSpecification\",\"valueRequired\":true,\"valueName\":\"search_term_string\"}}],\"inLanguage\":\"nl-BE\"}]}<\/script>\n<!-- \/ Yoast SEO plugin. -->","yoast_head_json":{"title":"Politique de confidentialit\u00e9 - CBX Medical","robots":{"index":"noindex","follow":"follow","max-snippet":"max-snippet:-1","max-image-preview":"max-image-preview:large","max-video-preview":"max-video-preview:-1"},"og_locale":"nl_BE","og_type":"article","og_title":"Politique de confidentialit\u00e9 - CBX Medical","og_description":"A. INTRODUCTION B. SOURCE Ce document a \u00e9t\u00e9 cr\u00e9\u00e9 gr\u00e2ce \u00e0 un mod\u00e8le de SEQ Legal (seqlegal.com) \u00a0et a \u00e9t\u00e9 modifi\u00e9 par CBX Medical (www.cbxmedical.com). C. COLLECTE D&rsquo;INFORMATIONS PERSONNELLES Les types d\u2019informations personnelles suivants peuvent collect\u00e9s, stock\u00e9s et utilis\u00e9s : Avant de nous divulguer des informations personnelles concernant une autre personne, vous devez obtenir le [&hellip;]","og_url":"https:\/\/learn.cbxmedical.com\/nl\/politique-confidentialite\/","og_site_name":"CBX Medical","article_modified_time":"2022-12-22T09:46:42+00:00","twitter_card":"summary_large_image","twitter_misc":{"Geschatte leestijd":"10 minuten"},"schema":{"@context":"https:\/\/schema.org","@graph":[{"@type":"WebPage","@id":"https:\/\/learn.cbxmedical.com\/politique-confidentialite\/","url":"https:\/\/learn.cbxmedical.com\/politique-confidentialite\/","name":"Politique de confidentialit\u00e9 - CBX Medical","isPartOf":{"@id":"https:\/\/learn.cbxmedical.com\/#website"},"datePublished":"2022-12-15T14:53:36+00:00","dateModified":"2022-12-22T09:46:42+00:00","breadcrumb":{"@id":"https:\/\/learn.cbxmedical.com\/politique-confidentialite\/#breadcrumb"},"inLanguage":"nl-BE","potentialAction":[{"@type":"ReadAction","target":["https:\/\/learn.cbxmedical.com\/politique-confidentialite\/"]}]},{"@type":"BreadcrumbList","@id":"https:\/\/learn.cbxmedical.com\/politique-confidentialite\/#breadcrumb","itemListElement":[{"@type":"ListItem","position":1,"name":"Accueil","item":"https:\/\/learn.cbxmedical.com\/"},{"@type":"ListItem","position":2,"name":"Politique de confidentialit\u00e9"}]},{"@type":"WebSite","@id":"https:\/\/learn.cbxmedical.com\/#website","url":"https:\/\/learn.cbxmedical.com\/","name":"CBX Medical","description":"","potentialAction":[{"@type":"SearchAction","target":{"@type":"EntryPoint","urlTemplate":"https:\/\/learn.cbxmedical.com\/?s={search_term_string}"},"query-input":{"@type":"PropertyValueSpecification","valueRequired":true,"valueName":"search_term_string"}}],"inLanguage":"nl-BE"}]}},"_links":{"self":[{"href":"https:\/\/learn.cbxmedical.com\/nl\/wp-json\/wp\/v2\/pages\/3","targetHints":{"allow":["GET"]}}],"collection":[{"href":"https:\/\/learn.cbxmedical.com\/nl\/wp-json\/wp\/v2\/pages"}],"about":[{"href":"https:\/\/learn.cbxmedical.com\/nl\/wp-json\/wp\/v2\/types\/page"}],"author":[{"embeddable":true,"href":"https:\/\/learn.cbxmedical.com\/nl\/wp-json\/wp\/v2\/users\/1"}],"replies":[{"embeddable":true,"href":"https:\/\/learn.cbxmedical.com\/nl\/wp-json\/wp\/v2\/comments?post=3"}],"version-history":[{"count":4,"href":"https:\/\/learn.cbxmedical.com\/nl\/wp-json\/wp\/v2\/pages\/3\/revisions"}],"predecessor-version":[{"id":113,"href":"https:\/\/learn.cbxmedical.com\/nl\/wp-json\/wp\/v2\/pages\/3\/revisions\/113"}],"wp:attachment":[{"href":"https:\/\/learn.cbxmedical.com\/nl\/wp-json\/wp\/v2\/media?parent=3"}],"curies":[{"name":"wp","href":"https:\/\/api.w.org\/{rel}","templated":true}]}}